{"id":5463,"date":"2016-10-28T21:40:47","date_gmt":"2016-10-29T01:40:47","guid":{"rendered":"http:\/\/www.mtccc.com\/fr\/?page_id=5463"},"modified":"2026-02-23T17:32:36","modified_gmt":"2026-02-23T22:32:36","slug":"exhibitors-forms-guidelines","status":"publish","type":"page","link":"https:\/\/www.mtccc.com\/fr\/exhibitors-forms-guidelines\/","title":{"rendered":"Formulaires et directives g\u00e9n\u00e9rales"},"content":{"rendered":"<div class=\"wpb-content-wrapper\"><p>[vc_row disable_element=\u00a0\u00bbyes\u00a0\u00bb][vc_column][vc_column_text]<\/p>\n<h2>T\u00e9l\u00e9charger les formulaires s\u00e9par\u00e9ment:<\/h2>\n<p>[\/vc_column_text][\/vc_column][\/vc_row][vc_row disable_element=\u00a0\u00bbyes\u00a0\u00bb el_class=\u00a0\u00bbmedia-posts ttl-download-form-text\u00a0\u00bb][vc_column][vc_row_inner el_class=\u00a0\u00bbfirst\u00a0\u00bb][vc_column_inner width=\u00a0\u00bb2\/3&Prime;][vc_column_text]<\/p>\n<p>Demande d\u2019autorisation \u2013 Animaux<\/p>\n<p>[\/vc_column_text][\/vc_column_inner][vc_column_inner el_class=\u00a0\u00bbpull-right\u00a0\u00bb width=\u00a0\u00bb1\/3&Prime;][vc_column_text el_class=\u00a0\u00bbdownload-pdf\u00a0\u00bb]<a href=\"https:\/\/www.mtccc.com\/fr\/wp-content\/uploads\/sites\/4\/2022\/12\/16_FR_Animal_Authorization_Request_23-24_aoda.pdf\" target=\"_blank\" rel=\"noopener\">T\u00e9l\u00e9charger<\/a>[\/vc_column_text][\/vc_column_inner][\/vc_row_inner][vc_row_inner][vc_column_inner width=\u00a0\u00bb2\/3&Prime;][vc_column_text]<\/p>\n<p>R\u00e8glement douanier Canada<\/p>\n<p>[\/vc_column_text][\/vc_column_inner][vc_column_inner el_class=\u00a0\u00bbpull-right\u00a0\u00bb width=\u00a0\u00bb1\/3&Prime;][vc_column_text el_class=\u00a0\u00bbdownload-pdf\u00a0\u00bb]<a href=\"https:\/\/www.mtccc.com\/fr\/wp-content\/uploads\/sites\/4\/2022\/12\/12_FR_Canada_Customs_Regulations_23-24_aoda.pdf\" target=\"_blank\" rel=\"noopener\">T\u00e9l\u00e9charger<\/a>[\/vc_column_text][\/vc_column_inner][\/vc_row_inner][vc_row_inner][vc_column_inner width=\u00a0\u00bb2\/3&Prime;][vc_column_text]<\/p>\n<p>Proc\u00e9dures d\u2019urgence<\/p>\n<p>[\/vc_column_text][\/vc_column_inner][vc_column_inner el_class=\u00a0\u00bbpull-right\u00a0\u00bb width=\u00a0\u00bb1\/3&Prime;][vc_column_text el_class=\u00a0\u00bbdownload-pdf\u00a0\u00bb]<a href=\"https:\/\/www.mtccc.com\/fr\/wp-content\/uploads\/sites\/4\/2022\/12\/07_FR_Emergency_Procedures_23-24_aoda.pdf\" target=\"_blank\" rel=\"noopener\">T\u00e9l\u00e9charger<\/a>[\/vc_column_text][\/vc_column_inner][\/vc_row_inner][vc_row_inner][vc_column_inner width=\u00a0\u00bb2\/3&Prime;][vc_column_text]<\/p>\n<p><span class=\"Y2IQFc\" lang=\"fr\">Services d&rsquo;aliments\u00a0et de boissons pour exposants<\/span><\/p>\n<p>[\/vc_column_text][\/vc_column_inner][vc_column_inner el_class=\u00a0\u00bbpull-right\u00a0\u00bb width=\u00a0\u00bb1\/3&Prime;][vc_column_text el_class=\u00a0\u00bbdownload-pdf\u00a0\u00bb]<a href=\"https:\/\/www.mtccc.com\/fr\/wp-content\/uploads\/sites\/4\/2022\/12\/11_FR_FB_In-House_Services_23-24_aoda.pdf\" target=\"_blank\" rel=\"noopener\">T\u00e9l\u00e9charger<\/a>[\/vc_column_text][\/vc_column_inner][\/vc_row_inner][vc_row_inner][vc_column_inner width=\u00a0\u00bb2\/3&Prime;][vc_column_text]<\/p>\n<p><span class=\"Y2IQFc\" lang=\"fr\">Demande de distribution d&rsquo;<\/span><span class=\"Y2IQFc\" lang=\"fr\">\u00e9chantillons d&rsquo;aliments et de boissons<\/span><\/p>\n<p>[\/vc_column_text][\/vc_column_inner][vc_column_inner el_class=\u00a0\u00bbpull-right\u00a0\u00bb width=\u00a0\u00bb1\/3&Prime;][vc_column_text el_class=\u00a0\u00bbdownload-pdf\u00a0\u00bb]<a href=\"https:\/\/www.mtccc.com\/fr\/wp-content\/uploads\/sites\/4\/2023\/04\/11_FR_FB_Distribution_Sampling_Request_Form_23-24_aoda.pdf\" target=\"_blank\" rel=\"noopener\">T\u00e9l\u00e9charger<\/a>[\/vc_column_text][\/vc_column_inner][\/vc_row_inner][vc_row_inner][vc_column_inner width=\u00a0\u00bb2\/3&Prime;][vc_column_text]<\/p>\n<p>Formulaire de commande pour la restauration des exposants<\/p>\n<p>[\/vc_column_text][\/vc_column_inner][vc_column_inner el_class=\u00a0\u00bbpull-right\u00a0\u00bb width=\u00a0\u00bb1\/3&Prime;][vc_column_text el_class=\u00a0\u00bbdownload-pdf\u00a0\u00bb]<a href=\"https:\/\/www.mtccc.com\/fr\/wp-content\/uploads\/sites\/4\/2023\/10\/11_FR_Exhibitor_Catering_Daily_Order_Form_OCT-2023_FRENCH_RE.pdf\" target=\"_blank\" rel=\"noopener\">T\u00e9l\u00e9charger<\/a>[\/vc_column_text][\/vc_column_inner][\/vc_row_inner][vc_row_inner][vc_column_inner width=\u00a0\u00bb2\/3&Prime;][vc_column_text]<\/p>\n<p>Services du centre d\u2019affaires<\/p>\n<p>[\/vc_column_text][\/vc_column_inner][vc_column_inner el_class=\u00a0\u00bbpull-right\u00a0\u00bb width=\u00a0\u00bb1\/3&Prime;][vc_column_text el_class=\u00a0\u00bbdownload-pdf\u00a0\u00bb]<a href=\"https:\/\/www.mtccc.com\/fr\/wp-content\/uploads\/sites\/4\/2022\/12\/10_FR_MTCC_Business_Centre_23-24_aoda.pdf\" target=\"_blank\" rel=\"noopener\">T\u00e9l\u00e9charger<\/a>[\/vc_column_text][\/vc_column_inner][\/vc_row_inner][vc_row_inner][vc_column_inner width=\u00a0\u00bb2\/3&Prime;][vc_column_text]<\/p>\n<p>Commande en ligne pour exposants<\/p>\n<p>[\/vc_column_text][\/vc_column_inner][vc_column_inner el_class=\u00a0\u00bbpull-right\u00a0\u00bb width=\u00a0\u00bb1\/3&Prime;][vc_column_text el_class=\u00a0\u00bbdownload-pdf\u00a0\u00bb]<a href=\"https:\/\/www.mtccc.com\/fr\/wp-content\/uploads\/sites\/4\/2022\/12\/08_FR_MTCC_Exhibitor_In-House_Services_23-24_aoda.pdf\" target=\"_blank\" rel=\"noopener\">T\u00e9l\u00e9charger<\/a>[\/vc_column_text][\/vc_column_inner][\/vc_row_inner][vc_row_inner][vc_column_inner width=\u00a0\u00bb2\/3&Prime;][vc_column_text]<\/p>\n<p>R\u00e8glement relatif aux incendies<\/p>\n<p>[\/vc_column_text][\/vc_column_inner][vc_column_inner el_class=\u00a0\u00bbpull-right\u00a0\u00bb width=\u00a0\u00bb1\/3&Prime;][vc_column_text el_class=\u00a0\u00bbdownload-pdf\u00a0\u00bb]<a href=\"https:\/\/www.mtccc.com\/fr\/wp-content\/uploads\/sites\/4\/2023\/01\/05_FR_Fire_Regulations_for_Exhibitors_23-24_aoda.pdf\" target=\"_blank\" rel=\"noopener\">T\u00e9l\u00e9charger<\/a>[\/vc_column_text][\/vc_column_inner][\/vc_row_inner][vc_row_inner][vc_column_inner width=\u00a0\u00bb2\/3&Prime;][vc_column_text]<\/p>\n<p>Formulaire de r\u00e9ponse \u2013 Pr\u00e9vention des incendies<\/p>\n<p>[\/vc_column_text][\/vc_column_inner][vc_column_inner el_class=\u00a0\u00bbpull-right\u00a0\u00bb width=\u00a0\u00bb1\/3&Prime;][vc_column_text el_class=\u00a0\u00bbdownload-pdf\u00a0\u00bb]<a href=\"https:\/\/www.mtccc.com\/fr\/wp-content\/uploads\/sites\/4\/2023\/04\/06_FR_Fire_Safety_Reply_23-24_aoda.pdf\" target=\"_blank\" rel=\"noopener\">T\u00e9l\u00e9charger<\/a>[\/vc_column_text][\/vc_column_inner][\/vc_row_inner][vc_row_inner][vc_column_inner width=\u00a0\u00bb2\/3&Prime;][vc_column_text]Directives pour assurer la s\u00e9curit\u00e9 de votre \u00e9v\u00e9nement[\/vc_column_text][\/vc_column_inner][vc_column_inner el_class=\u00a0\u00bbpull-right\u00a0\u00bb width=\u00a0\u00bb1\/3&Prime;][vc_column_text el_class=\u00a0\u00bbdownload-pdf\u00a0\u00bb]<a href=\"https:\/\/www.mtccc.com\/fr\/wp-content\/uploads\/sites\/4\/2023\/04\/07_FR_Guidelines_for_Securing_Your_Exhibit_23-24_aoda.pdf\" target=\"_blank\" rel=\"noopener\">T\u00e9l\u00e9charger<\/a>[\/vc_column_text][\/vc_column_inner][\/vc_row_inner][vc_row_inner][vc_column_inner width=\u00a0\u00bb2\/3&Prime;][vc_column_text]<\/p>\n<p>Demande d\u2019autorisation \u2013 H\u00e9lium<\/p>\n<p>[\/vc_column_text][\/vc_column_inner][vc_column_inner el_class=\u00a0\u00bbpull-right\u00a0\u00bb width=\u00a0\u00bb1\/3&Prime;][vc_column_text el_class=\u00a0\u00bbdownload-pdf\u00a0\u00bb]<a href=\"https:\/\/www.mtccc.com\/fr\/wp-content\/uploads\/sites\/4\/2022\/12\/14_FR_Helium_Authorization_Request_23-24_aoda.pdf\" target=\"_blank\" rel=\"noopener\">T\u00e9l\u00e9charger<\/a>[\/vc_column_text][\/vc_column_inner][\/vc_row_inner][vc_row_inner][vc_column_inner width=\u00a0\u00bb2\/3&Prime;][vc_column_text]<\/p>\n<p>Gestion des quais de chargement<\/p>\n<p>[\/vc_column_text][\/vc_column_inner][vc_column_inner el_class=\u00a0\u00bbpull-right\u00a0\u00bb width=\u00a0\u00bb1\/3&Prime;][vc_column_text el_class=\u00a0\u00bbdownload-pdf\u00a0\u00bb]<a href=\"https:\/\/www.mtccc.com\/fr\/wp-content\/uploads\/sites\/4\/2022\/12\/04_FR_Loading_Dock_Management_System_23-24_aoda.pdf\" target=\"_blank\" rel=\"noopener\">T\u00e9l\u00e9charger<\/a>[\/vc_column_text][\/vc_column_inner][\/vc_row_inner][vc_row_inner][vc_column_inner width=\u00a0\u00bb2\/3&Prime;][vc_column_text]<\/p>\n<p>Avis aux exposants<\/p>\n<p>[\/vc_column_text][\/vc_column_inner][vc_column_inner el_class=\u00a0\u00bbpull-right\u00a0\u00bb width=\u00a0\u00bb1\/3&Prime;][vc_column_text el_class=\u00a0\u00bbdownload-pdf\u00a0\u00bb]<a href=\"https:\/\/www.mtccc.com\/fr\/wp-content\/uploads\/sites\/4\/2022\/12\/02_FR_Notice_to_Exhibitors_23-24_aoda.pdf\" target=\"_blank\" rel=\"noopener\">T\u00e9l\u00e9charger<\/a>[\/vc_column_text][\/vc_column_inner][\/vc_row_inner][vc_row_inner][vc_column_inner width=\u00a0\u00bb2\/3&Prime;][vc_column_text]Permissions d\u2019exposition (ESA)[\/vc_column_text][\/vc_column_inner][vc_column_inner el_class=\u00a0\u00bbpull-right\u00a0\u00bb width=\u00a0\u00bb1\/3&Prime;][vc_column_text el_class=\u00a0\u00bbdownload-pdf\u00a0\u00bb]<\/p>\n<p style=\"text-align: left\"><a href=\"https:\/\/esasafe.com\/assets\/files\/esasafe\/pdf\/Forms\/Permission-to-Show-Energize_1001A.pdf\" target=\"_blank\" rel=\"noopener\">T\u00e9l\u00e9charger<\/a><\/p>\n<p>[\/vc_column_text][\/vc_column_inner][\/vc_row_inner][vc_row_inner][vc_column_inner width=\u00a0\u00bb2\/3&Prime;][vc_column_text]<\/p>\n<p>Bouteilles de propane et appareils au gaz<\/p>\n<p>[\/vc_column_text][\/vc_column_inner][vc_column_inner el_class=\u00a0\u00bbpull-right\u00a0\u00bb width=\u00a0\u00bb1\/3&Prime;][vc_column_text el_class=\u00a0\u00bbdownload-pdf\u00a0\u00bb]<a href=\"https:\/\/www.mtccc.com\/fr\/wp-content\/uploads\/sites\/4\/2023\/02\/15_FR_Propane_CBN_Gas_Appliances_23-24_aoda.pdf\" target=\"_blank\" rel=\"noopener\">T\u00e9l\u00e9charger<\/a>[\/vc_column_text][\/vc_column_inner][\/vc_row_inner][vc_row_inner][vc_column_inner width=\u00a0\u00bb2\/3&Prime;][vc_column_text]<\/p>\n<p>Programme de recyclage<\/p>\n<p>[\/vc_column_text][\/vc_column_inner][vc_column_inner el_class=\u00a0\u00bbpull-right\u00a0\u00bb width=\u00a0\u00bb1\/3&Prime;][vc_column_text el_class=\u00a0\u00bbdownload-pdf\u00a0\u00bb]<a href=\"https:\/\/www.mtccc.com\/fr\/wp-content\/uploads\/sites\/4\/2022\/12\/03_FR_MTCC_Exhibitor_Recycling-Program_23-24_aoda.pdf\" target=\"_blank\" rel=\"noopener\">T\u00e9l\u00e9charger<\/a>[\/vc_column_text][\/vc_column_inner][\/vc_row_inner][vc_row_inner][vc_column_inner width=\u00a0\u00bb2\/3&Prime;][vc_column_text]<\/p>\n<p>Politique en mati\u00e8re de gr\u00e9age<\/p>\n<p>[\/vc_column_text][\/vc_column_inner][vc_column_inner el_class=\u00a0\u00bbpull-right\u00a0\u00bb width=\u00a0\u00bb1\/3&Prime;][vc_column_text el_class=\u00a0\u00bbdownload-pdf\u00a0\u00bb]<a href=\"https:\/\/www.mtccc.com\/fr\/wp-content\/uploads\/sites\/4\/2022\/12\/13_FR_Rigging-Overhead_Work_Policy_23-24_aoda.pdf\" target=\"_blank\" rel=\"noopener\">T\u00e9l\u00e9charger<\/a>[\/vc_column_text][\/vc_column_inner][\/vc_row_inner][vc_row_inner][vc_column_inner width=\u00a0\u00bb2\/3&Prime;][vc_column_text]<\/p>\n<p>Services d\u2019excellence \u2013 \u00c9quipe du MTCC<\/p>\n<p>[\/vc_column_text][\/vc_column_inner][vc_column_inner el_class=\u00a0\u00bbpull-right\u00a0\u00bb width=\u00a0\u00bb1\/3&Prime;][vc_column_text el_class=\u00a0\u00bbdownload-pdf\u00a0\u00bb]<\/p>\n<p style=\"text-align: left\"><a href=\"https:\/\/www.mtccc.com\/fr\/wp-content\/uploads\/sites\/4\/2023\/02\/01_FR_Service_Excellence-Your_MTCC_Team_23-24_aoda.pdf\" target=\"_blank\" rel=\"noopener\">T\u00e9l\u00e9charger<\/a><\/p>\n<p>[\/vc_column_text][\/vc_column_inner][\/vc_row_inner][\/vc_column][\/vc_row][vc_column][\/vc_column][vc_column_inner width=\u00a0\u00bb2\/3&Prime;][\/vc_column_inner]<\/p>\n<\/div>","protected":false},"excerpt":{"rendered":"<p>[vc_row disable_element=\u00a0\u00bbyes\u00a0\u00bb][vc_column][vc_column_text] T\u00e9l\u00e9charger les formulaires s\u00e9par\u00e9ment: [\/vc_column_text][\/vc_column][\/vc_row][vc_row disable_element=\u00a0\u00bbyes\u00a0\u00bb el_class=\u00a0\u00bbmedia-posts ttl-download-form-text\u00a0\u00bb][vc_column][vc_row_inner el_class=\u00a0\u00bbfirst\u00a0\u00bb][vc_column_inner width=\u00a0\u00bb2\/3&Prime;][vc_column_text] Demande d\u2019autorisation \u2013 Animaux [\/vc_column_text][\/vc_column_inner][vc_column_inner el_class=\u00a0\u00bbpull-right\u00a0\u00bb width=\u00a0\u00bb1\/3&Prime;][vc_column_text el_class=\u00a0\u00bbdownload-pdf\u00a0\u00bb]T\u00e9l\u00e9charger[\/vc_column_text][\/vc_column_inner][\/vc_row_inner][vc_row_inner][vc_column_inner width=\u00a0\u00bb2\/3&Prime;][vc_column_text] R\u00e8glement douanier Canada [\/vc_column_text][\/vc_column_inner][vc_column_inner el_class=\u00a0\u00bbpull-right\u00a0\u00bb width=\u00a0\u00bb1\/3&Prime;][vc_column_text el_class=\u00a0\u00bbdownload-pdf\u00a0\u00bb]T\u00e9l\u00e9charger[\/vc_column_text][\/vc_column_inner][\/vc_row_inner][vc_row_inner][vc_column_inner width=\u00a0\u00bb2\/3&Prime;][vc_column_text] Proc\u00e9dures d\u2019urgence [\/vc_column_text][\/vc_column_inner][vc_column_inner el_class=\u00a0\u00bbpull-right\u00a0\u00bb width=\u00a0\u00bb1\/3&Prime;][vc_column_text el_class=\u00a0\u00bbdownload-pdf\u00a0\u00bb]T\u00e9l\u00e9charger[\/vc_column_text][\/vc_column_inner][\/vc_row_inner][vc_row_inner][vc_column_inner width=\u00a0\u00bb2\/3&Prime;][vc_column_text] Services d&rsquo;aliments\u00a0et de boissons pour exposants [\/vc_column_text][\/vc_column_inner][vc_column_inner el_class=\u00a0\u00bbpull-right\u00a0\u00bb width=\u00a0\u00bb1\/3&Prime;][vc_column_text el_class=\u00a0\u00bbdownload-pdf\u00a0\u00bb]T\u00e9l\u00e9charger[\/vc_column_text][\/vc_column_inner][\/vc_row_inner][vc_row_inner][vc_column_inner width=\u00a0\u00bb2\/3&Prime;][vc_column_text] Demande de distribution d&rsquo;\u00e9chantillons d&rsquo;aliments et de boissons [&hellip;]<\/p>\n","protected":false},"author":2,"featured_media":0,"parent":0,"menu_order":3,"comment_status":"closed","ping_status":"closed","template":"page-fullwidth.php","meta":{"_acf_changed":false,"footnotes":""},"class_list":["post-5463","page","type-page","status-publish","hentry"],"acf":[],"yoast_head":"<!-- This site is optimized with the Yoast SEO plugin v27.1.1 - https:\/\/yoast.com\/product\/yoast-seo-wordpress\/ -->\n<title>Formulaires directives g\u00e9n\u00e9rales Metro Toronto Convention Centre<\/title>\n<meta name=\"robots\" content=\"index, follow, max-snippet:-1, max-image-preview:large, max-video-preview:-1\" \/>\n<link rel=\"canonical\" href=\"https:\/\/www.mtccc.com\/fr\/exhibitors-forms-guidelines\/\" \/>\n<meta property=\"og:locale\" content=\"fr_CA\" \/>\n<meta property=\"og:type\" content=\"article\" \/>\n<meta property=\"og:title\" content=\"Formulaires directives g\u00e9n\u00e9rales Metro Toronto Convention Centre\" \/>\n<meta property=\"og:description\" content=\"[vc_row disable_element=\u00a0\u00bbyes\u00a0\u00bb][vc_column][vc_column_text] T\u00e9l\u00e9charger les formulaires s\u00e9par\u00e9ment: [\/vc_column_text][\/vc_column][\/vc_row][vc_row disable_element=\u00a0\u00bbyes\u00a0\u00bb el_class=\u00a0\u00bbmedia-posts ttl-download-form-text\u00a0\u00bb][vc_column][vc_row_inner el_class=\u00a0\u00bbfirst\u00a0\u00bb][vc_column_inner width=\u00a0\u00bb2\/3&Prime;][vc_column_text] Demande d\u2019autorisation \u2013 Animaux [\/vc_column_text][\/vc_column_inner][vc_column_inner el_class=\u00a0\u00bbpull-right\u00a0\u00bb width=\u00a0\u00bb1\/3&Prime;][vc_column_text el_class=\u00a0\u00bbdownload-pdf\u00a0\u00bb]T\u00e9l\u00e9charger[\/vc_column_text][\/vc_column_inner][\/vc_row_inner][vc_row_inner][vc_column_inner width=\u00a0\u00bb2\/3&Prime;][vc_column_text] R\u00e8glement douanier Canada [\/vc_column_text][\/vc_column_inner][vc_column_inner el_class=\u00a0\u00bbpull-right\u00a0\u00bb width=\u00a0\u00bb1\/3&Prime;][vc_column_text el_class=\u00a0\u00bbdownload-pdf\u00a0\u00bb]T\u00e9l\u00e9charger[\/vc_column_text][\/vc_column_inner][\/vc_row_inner][vc_row_inner][vc_column_inner width=\u00a0\u00bb2\/3&Prime;][vc_column_text] Proc\u00e9dures d\u2019urgence [\/vc_column_text][\/vc_column_inner][vc_column_inner el_class=\u00a0\u00bbpull-right\u00a0\u00bb width=\u00a0\u00bb1\/3&Prime;][vc_column_text el_class=\u00a0\u00bbdownload-pdf\u00a0\u00bb]T\u00e9l\u00e9charger[\/vc_column_text][\/vc_column_inner][\/vc_row_inner][vc_row_inner][vc_column_inner width=\u00a0\u00bb2\/3&Prime;][vc_column_text] Services d&rsquo;aliments\u00a0et de boissons pour exposants [\/vc_column_text][\/vc_column_inner][vc_column_inner el_class=\u00a0\u00bbpull-right\u00a0\u00bb width=\u00a0\u00bb1\/3&Prime;][vc_column_text el_class=\u00a0\u00bbdownload-pdf\u00a0\u00bb]T\u00e9l\u00e9charger[\/vc_column_text][\/vc_column_inner][\/vc_row_inner][vc_row_inner][vc_column_inner width=\u00a0\u00bb2\/3&Prime;][vc_column_text] Demande de distribution d&rsquo;\u00e9chantillons d&rsquo;aliments et de boissons [&hellip;]\" \/>\n<meta property=\"og:url\" content=\"https:\/\/www.mtccc.com\/fr\/exhibitors-forms-guidelines\/\" \/>\n<meta property=\"og:site_name\" content=\"Metro Toronto Convention Centre\" \/>\n<meta property=\"article:modified_time\" content=\"2026-02-23T22:32:36+00:00\" \/>\n<meta name=\"twitter:card\" content=\"summary_large_image\" \/>\n<meta name=\"twitter:label1\" content=\"Estimation du temps de lecture\" \/>\n\t<meta name=\"twitter:data1\" content=\"2 minutes\" \/>\n<script type=\"application\/ld+json\" class=\"yoast-schema-graph\">{\"@context\":\"https:\/\/schema.org\",\"@graph\":[{\"@type\":\"WebPage\",\"@id\":\"https:\/\/www.mtccc.com\/fr\/exhibitors-forms-guidelines\/\",\"url\":\"https:\/\/www.mtccc.com\/fr\/exhibitors-forms-guidelines\/\",\"name\":\"Formulaires directives g\u00e9n\u00e9rales Metro Toronto Convention Centre\",\"isPartOf\":{\"@id\":\"https:\/\/www.mtccc.com\/fr\/#website\"},\"datePublished\":\"2016-10-29T01:40:47+00:00\",\"dateModified\":\"2026-02-23T22:32:36+00:00\",\"inLanguage\":\"fr-CA\",\"potentialAction\":[{\"@type\":\"ReadAction\",\"target\":[\"https:\/\/www.mtccc.com\/fr\/exhibitors-forms-guidelines\/\"]}]},{\"@type\":\"WebSite\",\"@id\":\"https:\/\/www.mtccc.com\/fr\/#website\",\"url\":\"https:\/\/www.mtccc.com\/fr\/\",\"name\":\"Metro Toronto Convention Centre\",\"description\":\"\",\"potentialAction\":[{\"@type\":\"SearchAction\",\"target\":{\"@type\":\"EntryPoint\",\"urlTemplate\":\"https:\/\/www.mtccc.com\/fr\/?s={search_term_string}\"},\"query-input\":{\"@type\":\"PropertyValueSpecification\",\"valueRequired\":true,\"valueName\":\"search_term_string\"}}],\"inLanguage\":\"fr-CA\"}]}<\/script>\n<!-- \/ Yoast SEO plugin. -->","yoast_head_json":{"title":"Formulaires directives g\u00e9n\u00e9rales Metro Toronto Convention Centre","robots":{"index":"index","follow":"follow","max-snippet":"max-snippet:-1","max-image-preview":"max-image-preview:large","max-video-preview":"max-video-preview:-1"},"canonical":"https:\/\/www.mtccc.com\/fr\/exhibitors-forms-guidelines\/","og_locale":"fr_CA","og_type":"article","og_title":"Formulaires directives g\u00e9n\u00e9rales Metro Toronto Convention Centre","og_description":"[vc_row disable_element=\u00a0\u00bbyes\u00a0\u00bb][vc_column][vc_column_text] T\u00e9l\u00e9charger les formulaires s\u00e9par\u00e9ment: [\/vc_column_text][\/vc_column][\/vc_row][vc_row disable_element=\u00a0\u00bbyes\u00a0\u00bb el_class=\u00a0\u00bbmedia-posts ttl-download-form-text\u00a0\u00bb][vc_column][vc_row_inner el_class=\u00a0\u00bbfirst\u00a0\u00bb][vc_column_inner width=\u00a0\u00bb2\/3&Prime;][vc_column_text] Demande d\u2019autorisation \u2013 Animaux [\/vc_column_text][\/vc_column_inner][vc_column_inner el_class=\u00a0\u00bbpull-right\u00a0\u00bb width=\u00a0\u00bb1\/3&Prime;][vc_column_text el_class=\u00a0\u00bbdownload-pdf\u00a0\u00bb]T\u00e9l\u00e9charger[\/vc_column_text][\/vc_column_inner][\/vc_row_inner][vc_row_inner][vc_column_inner width=\u00a0\u00bb2\/3&Prime;][vc_column_text] R\u00e8glement douanier Canada [\/vc_column_text][\/vc_column_inner][vc_column_inner el_class=\u00a0\u00bbpull-right\u00a0\u00bb width=\u00a0\u00bb1\/3&Prime;][vc_column_text el_class=\u00a0\u00bbdownload-pdf\u00a0\u00bb]T\u00e9l\u00e9charger[\/vc_column_text][\/vc_column_inner][\/vc_row_inner][vc_row_inner][vc_column_inner width=\u00a0\u00bb2\/3&Prime;][vc_column_text] Proc\u00e9dures d\u2019urgence [\/vc_column_text][\/vc_column_inner][vc_column_inner el_class=\u00a0\u00bbpull-right\u00a0\u00bb width=\u00a0\u00bb1\/3&Prime;][vc_column_text el_class=\u00a0\u00bbdownload-pdf\u00a0\u00bb]T\u00e9l\u00e9charger[\/vc_column_text][\/vc_column_inner][\/vc_row_inner][vc_row_inner][vc_column_inner width=\u00a0\u00bb2\/3&Prime;][vc_column_text] Services d&rsquo;aliments\u00a0et de boissons pour exposants [\/vc_column_text][\/vc_column_inner][vc_column_inner el_class=\u00a0\u00bbpull-right\u00a0\u00bb width=\u00a0\u00bb1\/3&Prime;][vc_column_text el_class=\u00a0\u00bbdownload-pdf\u00a0\u00bb]T\u00e9l\u00e9charger[\/vc_column_text][\/vc_column_inner][\/vc_row_inner][vc_row_inner][vc_column_inner width=\u00a0\u00bb2\/3&Prime;][vc_column_text] Demande de distribution d&rsquo;\u00e9chantillons d&rsquo;aliments et de boissons [&hellip;]","og_url":"https:\/\/www.mtccc.com\/fr\/exhibitors-forms-guidelines\/","og_site_name":"Metro Toronto Convention Centre","article_modified_time":"2026-02-23T22:32:36+00:00","twitter_card":"summary_large_image","twitter_misc":{"Estimation du temps de lecture":"2 minutes"},"schema":{"@context":"https:\/\/schema.org","@graph":[{"@type":"WebPage","@id":"https:\/\/www.mtccc.com\/fr\/exhibitors-forms-guidelines\/","url":"https:\/\/www.mtccc.com\/fr\/exhibitors-forms-guidelines\/","name":"Formulaires directives g\u00e9n\u00e9rales Metro Toronto Convention Centre","isPartOf":{"@id":"https:\/\/www.mtccc.com\/fr\/#website"},"datePublished":"2016-10-29T01:40:47+00:00","dateModified":"2026-02-23T22:32:36+00:00","inLanguage":"fr-CA","potentialAction":[{"@type":"ReadAction","target":["https:\/\/www.mtccc.com\/fr\/exhibitors-forms-guidelines\/"]}]},{"@type":"WebSite","@id":"https:\/\/www.mtccc.com\/fr\/#website","url":"https:\/\/www.mtccc.com\/fr\/","name":"Metro Toronto Convention Centre","description":"","potentialAction":[{"@type":"SearchAction","target":{"@type":"EntryPoint","urlTemplate":"https:\/\/www.mtccc.com\/fr\/?s={search_term_string}"},"query-input":{"@type":"PropertyValueSpecification","valueRequired":true,"valueName":"search_term_string"}}],"inLanguage":"fr-CA"}]}},"_links":{"self":[{"href":"https:\/\/www.mtccc.com\/fr\/wp-json\/wp\/v2\/pages\/5463","targetHints":{"allow":["GET"]}}],"collection":[{"href":"https:\/\/www.mtccc.com\/fr\/wp-json\/wp\/v2\/pages"}],"about":[{"href":"https:\/\/www.mtccc.com\/fr\/wp-json\/wp\/v2\/types\/page"}],"author":[{"embeddable":true,"href":"https:\/\/www.mtccc.com\/fr\/wp-json\/wp\/v2\/users\/2"}],"replies":[{"embeddable":true,"href":"https:\/\/www.mtccc.com\/fr\/wp-json\/wp\/v2\/comments?post=5463"}],"version-history":[{"count":61,"href":"https:\/\/www.mtccc.com\/fr\/wp-json\/wp\/v2\/pages\/5463\/revisions"}],"predecessor-version":[{"id":333738,"href":"https:\/\/www.mtccc.com\/fr\/wp-json\/wp\/v2\/pages\/5463\/revisions\/333738"}],"wp:attachment":[{"href":"https:\/\/www.mtccc.com\/fr\/wp-json\/wp\/v2\/media?parent=5463"}],"curies":[{"name":"wp","href":"https:\/\/api.w.org\/{rel}","templated":true}]}}