{"id":489,"date":"2016-08-22T13:16:23","date_gmt":"2016-08-22T17:16:23","guid":{"rendered":"http:\/\/www.mtccc.com\/fr\/?page_id=489"},"modified":"2022-11-03T10:42:02","modified_gmt":"2022-11-03T14:42:02","slug":"online-ordering-tool","status":"publish","type":"page","link":"https:\/\/www.mtccc.com\/fr\/online-ordering-tool\/","title":{"rendered":"Outil de commande en ligne"},"content":{"rendered":"<div class=\"wpb-content-wrapper\"><p>[vc_row][vc_column][vc_column_text]<\/p>\n<h2>Outil de commande en ligne<\/h2>\n<p>Commander en ligne! C\u2019est simplement le moyen le plus rapide et le plus simple de commander vos services aux exposants!<\/p>\n<p>Commandez ces services <a href=\"https:\/\/mtcc.ungerboeck.net\/prod\/app85.cshtml?AppCode=COE&amp;CC=1&amp;OrgCode=01\" target=\"_blank\" rel=\"noopener\">ici<\/a>:<\/p>\n<ul>\n<li>Services de nettoyage de stands<\/li>\n<li>Internet haut d\u00e9bit<\/li>\n<li>Passe de stationnement<\/li>\n<li>Services de t\u00e9l\u00e9communications<\/li>\n<\/ul>\n<p>[\/vc_column_text][vc_btn title=\u00a0\u00bbOutil de commande en ligne\u00a0\u00bb link=\u00a0\u00bburl:https%3A%2F%2Fmtcc.ungerboeck.net%2Fprod%2Fapp85.cshtml%3FAppCode%3DCOE%26CC%3D1%26OrgCode%3D01|target:_blank\u00a0\u00bb][\/vc_column][\/vc_row]<\/p>\n<\/div>","protected":false},"excerpt":{"rendered":"<p>[vc_row][vc_column][vc_column_text] Outil de commande en ligne Commander en ligne! C\u2019est simplement le moyen le plus rapide et le plus simple de commander vos services aux exposants! Commandez ces services ici: Services de nettoyage de stands Internet haut d\u00e9bit Passe de stationnement Services de t\u00e9l\u00e9communications [\/vc_column_text][vc_btn title=\u00a0\u00bbOutil de commande en ligne\u00a0\u00bb link=\u00a0\u00bburl:https%3A%2F%2Fmtcc.ungerboeck.net%2Fprod%2Fapp85.cshtml%3FAppCode%3DCOE%26CC%3D1%26OrgCode%3D01|target:_blank\u00a0\u00bb][\/vc_column][\/vc_row]<\/p>\n","protected":false},"author":1,"featured_media":0,"parent":0,"menu_order":36,"comment_status":"closed","ping_status":"closed","template":"page-fullwidth.php","meta":{"_acf_changed":false,"footnotes":""},"class_list":["post-489","page","type-page","status-publish","hentry"],"acf":[],"yoast_head":"<!-- This site is optimized with the Yoast SEO plugin v27.3 - https:\/\/yoast.com\/product\/yoast-seo-wordpress\/ -->\n<title>Outil de commande en ligne - Metro Toronto Convention Centre<\/title>\n<meta name=\"description\" content=\"Placing orders online for services is easy with the help of the MTCC\u2019s online ordering tool. Place your orders here.\" \/>\n<meta name=\"robots\" content=\"index, follow, max-snippet:-1, max-image-preview:large, max-video-preview:-1\" \/>\n<link rel=\"canonical\" href=\"https:\/\/www.mtccc.com\/fr\/online-ordering-tool\/\" \/>\n<meta property=\"og:locale\" content=\"fr_CA\" \/>\n<meta property=\"og:type\" content=\"article\" \/>\n<meta property=\"og:title\" content=\"Outil de commande en ligne - Metro Toronto Convention Centre\" \/>\n<meta property=\"og:description\" content=\"Placing orders online for services is easy with the help of the MTCC\u2019s online ordering tool. Place your orders here.\" \/>\n<meta property=\"og:url\" content=\"https:\/\/www.mtccc.com\/fr\/online-ordering-tool\/\" \/>\n<meta property=\"og:site_name\" content=\"Metro Toronto Convention Centre\" \/>\n<meta property=\"article:modified_time\" content=\"2022-11-03T14:42:02+00:00\" \/>\n<meta name=\"twitter:card\" content=\"summary_large_image\" \/>\n<meta name=\"twitter:label1\" content=\"Estimation du temps de lecture\" \/>\n\t<meta name=\"twitter:data1\" content=\"1 minute\" \/>\n<script type=\"application\/ld+json\" class=\"yoast-schema-graph\">{\"@context\":\"https:\\\/\\\/schema.org\",\"@graph\":[{\"@type\":\"WebPage\",\"@id\":\"https:\\\/\\\/www.mtccc.com\\\/fr\\\/online-ordering-tool\\\/\",\"url\":\"https:\\\/\\\/www.mtccc.com\\\/fr\\\/online-ordering-tool\\\/\",\"name\":\"Outil de commande en ligne - Metro Toronto Convention Centre\",\"isPartOf\":{\"@id\":\"https:\\\/\\\/www.mtccc.com\\\/fr\\\/#website\"},\"datePublished\":\"2016-08-22T17:16:23+00:00\",\"dateModified\":\"2022-11-03T14:42:02+00:00\",\"description\":\"Placing orders online for services is easy with the help of the MTCC\u2019s online ordering tool. Place your orders here.\",\"inLanguage\":\"fr-CA\",\"potentialAction\":[{\"@type\":\"ReadAction\",\"target\":[\"https:\\\/\\\/www.mtccc.com\\\/fr\\\/online-ordering-tool\\\/\"]}]},{\"@type\":\"WebSite\",\"@id\":\"https:\\\/\\\/www.mtccc.com\\\/fr\\\/#website\",\"url\":\"https:\\\/\\\/www.mtccc.com\\\/fr\\\/\",\"name\":\"Metro Toronto Convention Centre\",\"description\":\"\",\"potentialAction\":[{\"@type\":\"SearchAction\",\"target\":{\"@type\":\"EntryPoint\",\"urlTemplate\":\"https:\\\/\\\/www.mtccc.com\\\/fr\\\/?s={search_term_string}\"},\"query-input\":{\"@type\":\"PropertyValueSpecification\",\"valueRequired\":true,\"valueName\":\"search_term_string\"}}],\"inLanguage\":\"fr-CA\"}]}<\/script>\n<!-- \/ Yoast SEO plugin. -->","yoast_head_json":{"title":"Outil de commande en ligne - Metro Toronto Convention Centre","description":"Placing orders online for services is easy with the help of the MTCC\u2019s online ordering tool. Place your orders here.","robots":{"index":"index","follow":"follow","max-snippet":"max-snippet:-1","max-image-preview":"max-image-preview:large","max-video-preview":"max-video-preview:-1"},"canonical":"https:\/\/www.mtccc.com\/fr\/online-ordering-tool\/","og_locale":"fr_CA","og_type":"article","og_title":"Outil de commande en ligne - Metro Toronto Convention Centre","og_description":"Placing orders online for services is easy with the help of the MTCC\u2019s online ordering tool. Place your orders here.","og_url":"https:\/\/www.mtccc.com\/fr\/online-ordering-tool\/","og_site_name":"Metro Toronto Convention Centre","article_modified_time":"2022-11-03T14:42:02+00:00","twitter_card":"summary_large_image","twitter_misc":{"Estimation du temps de lecture":"1 minute"},"schema":{"@context":"https:\/\/schema.org","@graph":[{"@type":"WebPage","@id":"https:\/\/www.mtccc.com\/fr\/online-ordering-tool\/","url":"https:\/\/www.mtccc.com\/fr\/online-ordering-tool\/","name":"Outil de commande en ligne - Metro Toronto Convention Centre","isPartOf":{"@id":"https:\/\/www.mtccc.com\/fr\/#website"},"datePublished":"2016-08-22T17:16:23+00:00","dateModified":"2022-11-03T14:42:02+00:00","description":"Placing orders online for services is easy with the help of the MTCC\u2019s online ordering tool. Place your orders here.","inLanguage":"fr-CA","potentialAction":[{"@type":"ReadAction","target":["https:\/\/www.mtccc.com\/fr\/online-ordering-tool\/"]}]},{"@type":"WebSite","@id":"https:\/\/www.mtccc.com\/fr\/#website","url":"https:\/\/www.mtccc.com\/fr\/","name":"Metro Toronto Convention Centre","description":"","potentialAction":[{"@type":"SearchAction","target":{"@type":"EntryPoint","urlTemplate":"https:\/\/www.mtccc.com\/fr\/?s={search_term_string}"},"query-input":{"@type":"PropertyValueSpecification","valueRequired":true,"valueName":"search_term_string"}}],"inLanguage":"fr-CA"}]}},"_links":{"self":[{"href":"https:\/\/www.mtccc.com\/fr\/wp-json\/wp\/v2\/pages\/489","targetHints":{"allow":["GET"]}}],"collection":[{"href":"https:\/\/www.mtccc.com\/fr\/wp-json\/wp\/v2\/pages"}],"about":[{"href":"https:\/\/www.mtccc.com\/fr\/wp-json\/wp\/v2\/types\/page"}],"author":[{"embeddable":true,"href":"https:\/\/www.mtccc.com\/fr\/wp-json\/wp\/v2\/users\/1"}],"replies":[{"embeddable":true,"href":"https:\/\/www.mtccc.com\/fr\/wp-json\/wp\/v2\/comments?post=489"}],"version-history":[{"count":8,"href":"https:\/\/www.mtccc.com\/fr\/wp-json\/wp\/v2\/pages\/489\/revisions"}],"predecessor-version":[{"id":332796,"href":"https:\/\/www.mtccc.com\/fr\/wp-json\/wp\/v2\/pages\/489\/revisions\/332796"}],"wp:attachment":[{"href":"https:\/\/www.mtccc.com\/fr\/wp-json\/wp\/v2\/media?parent=489"}],"curies":[{"name":"wp","href":"https:\/\/api.w.org\/{rel}","templated":true}]}}