{"id":441,"date":"2016-08-19T13:57:01","date_gmt":"2016-08-19T17:57:01","guid":{"rendered":"http:\/\/www.mtccc.com\/fr\/?page_id=441"},"modified":"2023-08-10T17:56:56","modified_gmt":"2023-08-10T21:56:56","slug":"meeting-rooms","status":"publish","type":"page","link":"https:\/\/www.mtccc.com\/fr\/facility\/rooms-and-spaces\/meeting-rooms\/","title":{"rendered":"Salles de r\u00e9union"},"content":{"rendered":"<div class=\"wpb-content-wrapper\"><p>[vc_row][vc_column][vc_column_text]<\/p>\n<h2><\/h2>\n<p>D\u00e9couvrez notre s\u00e9lection impressionnante de 77\u00a0salles de r\u00e9union enti\u00e8rement meubl\u00e9es, et soigneusement \u00e9quip\u00e9es avec des technologies de pr\u00e9sentation et de t\u00e9l\u00e9communications de pointe. Nos salles de r\u00e9union exceptionnelles pr\u00e9sentent les caract\u00e9ristiques suivantes\u00a0:<\/p>\n<ul style=\"line-height: 24px;\">\n<li>Murs insonoris\u00e9s et mobiles, offrant la flexibilit\u00e9 de configurer des espaces de 400\u00a0pieds carr\u00e9s \u00e0 10\u00a0000\u00a0pieds carr\u00e9s s\u2019adaptant \u00e0 vos besoins pr\u00e9cis.<\/li>\n<li>D\u00e9couvrez la salle Summit, un espace contemporain avec sa propre salle de bain attenante, offrant un cadre haut de gamme pour vos r\u00e9unions importantes.<\/li>\n<li>Profitez des projecteurs et \u00e9crans int\u00e9gr\u00e9s \u00e0 la pointe de la technologie offerts dans certaines salles de r\u00e9union, am\u00e9liorant la capacit\u00e9, la flexibilit\u00e9 et la visualisation.<\/li>\n<li>des projecteurs et \u00e9crans int\u00e9gr\u00e9s \u00e0 la fine pointe de la technologie, disponibles dans certaines salles de r\u00e9union, permettant une capacit\u00e9 accrue, une flexibilit\u00e9 de configuration et des angles de vue optimis\u00e9s.<\/li>\n<\/ul>\n<p>Nos b\u00e2timents Nord et Sud abritent un total combin\u00e9 de 77\u00a0salles de r\u00e9union, qui vont de 400\u00a0pieds carr\u00e9s \u00e0 10\u00a0000\u00a0pieds carr\u00e9s. Chaque salle a \u00e9t\u00e9 m\u00e9ticuleusement con\u00e7ue pour cr\u00e9er un environnement intime et haut de gamme pour des r\u00e9unions et \u00e9v\u00e9nements de toutes tailles.<br \/>\nChoisissez parmi notre s\u00e9lection de salles de r\u00e9union exceptionnelles, m\u00e9ticuleusement con\u00e7ues pour r\u00e9pondre \u00e0 vos besoins et pour am\u00e9liorer votre exp\u00e9rience \u00e9v\u00e9nementielle.[\/vc_column_text][\/vc_column][\/vc_row]<\/p>\n<\/div>","protected":false},"excerpt":{"rendered":"<p>[vc_row][vc_column][vc_column_text] D\u00e9couvrez notre s\u00e9lection impressionnante de 77\u00a0salles de r\u00e9union enti\u00e8rement meubl\u00e9es, et soigneusement \u00e9quip\u00e9es avec des technologies de pr\u00e9sentation et de t\u00e9l\u00e9communications de pointe. Nos salles de r\u00e9union exceptionnelles pr\u00e9sentent les caract\u00e9ristiques suivantes\u00a0: Murs insonoris\u00e9s et mobiles, offrant la flexibilit\u00e9 de configurer des espaces de 400\u00a0pieds carr\u00e9s \u00e0 10\u00a0000\u00a0pieds carr\u00e9s s\u2019adaptant \u00e0 vos besoins pr\u00e9cis. [&hellip;]<\/p>\n","protected":false},"author":1,"featured_media":0,"parent":211,"menu_order":21,"comment_status":"closed","ping_status":"closed","template":"template-child-page.php","meta":{"_acf_changed":false,"footnotes":""},"class_list":["post-441","page","type-page","status-publish","hentry"],"acf":[],"yoast_head":"<!-- This site is optimized with the Yoast SEO plugin v27.3 - https:\/\/yoast.com\/product\/yoast-seo-wordpress\/ -->\n<title>Salles de r\u00e9union polyvalentes | Palais des congr\u00e8s du Toronto m\u00e9tropolitain | Espaces inspirants<\/title>\n<meta name=\"description\" content=\"D\u00e9couvrez des espaces polyvalents pour r\u00e9unions, conf\u00e9rences ou activit\u00e9s sociales au PCTM. Mat\u00e9riel moderne, am\u00e9nagements flexibles et technologies de pointe.\" \/>\n<meta name=\"robots\" content=\"index, follow, max-snippet:-1, max-image-preview:large, max-video-preview:-1\" \/>\n<link rel=\"canonical\" href=\"https:\/\/www.mtccc.com\/fr\/facility\/rooms-and-spaces\/meeting-rooms\/\" \/>\n<meta property=\"og:locale\" content=\"fr_CA\" \/>\n<meta property=\"og:type\" content=\"article\" \/>\n<meta property=\"og:title\" content=\"Salles de r\u00e9union polyvalentes | Palais des congr\u00e8s du Toronto m\u00e9tropolitain | Espaces inspirants\" \/>\n<meta property=\"og:description\" content=\"D\u00e9couvrez des espaces polyvalents pour r\u00e9unions, conf\u00e9rences ou activit\u00e9s sociales au PCTM. Mat\u00e9riel moderne, am\u00e9nagements flexibles et technologies de pointe.\" \/>\n<meta property=\"og:url\" content=\"https:\/\/www.mtccc.com\/fr\/facility\/rooms-and-spaces\/meeting-rooms\/\" \/>\n<meta property=\"og:site_name\" content=\"Metro Toronto Convention Centre\" \/>\n<meta property=\"article:modified_time\" content=\"2023-08-10T21:56:56+00:00\" \/>\n<meta property=\"og:image\" content=\"https:\/\/www.mtccc.com\/fr\/wp-content\/uploads\/sites\/4\/2022\/03\/I_PLAN_BLOCK_MTCC.jpg\" \/>\n\t<meta property=\"og:image:width\" content=\"1920\" \/>\n\t<meta property=\"og:image:height\" content=\"1080\" \/>\n\t<meta property=\"og:image:type\" content=\"image\/jpeg\" \/>\n<meta name=\"twitter:card\" content=\"summary_large_image\" \/>\n<meta name=\"twitter:title\" content=\"Salles de r\u00e9union polyvalentes | Palais des congr\u00e8s du Toronto m\u00e9tropolitain | Espaces inspirants\" \/>\n<meta name=\"twitter:description\" content=\"D\u00e9couvrez des espaces polyvalents pour r\u00e9unions, conf\u00e9rences ou activit\u00e9s sociales au PCTM. Mat\u00e9riel moderne, am\u00e9nagements flexibles et technologies de pointe.\" \/>\n<meta name=\"twitter:image\" content=\"https:\/\/www.mtccc.com\/fr\/wp-content\/uploads\/sites\/4\/2022\/03\/I_PLAN_BLOCK_MTCC.jpg\" \/>\n<meta name=\"twitter:label1\" content=\"Estimation du temps de lecture\" \/>\n\t<meta name=\"twitter:data1\" content=\"2 minutes\" \/>\n<script type=\"application\/ld+json\" class=\"yoast-schema-graph\">{\"@context\":\"https:\\\/\\\/schema.org\",\"@graph\":[{\"@type\":\"WebPage\",\"@id\":\"https:\\\/\\\/www.mtccc.com\\\/fr\\\/facility\\\/rooms-and-spaces\\\/meeting-rooms\\\/\",\"url\":\"https:\\\/\\\/www.mtccc.com\\\/fr\\\/facility\\\/rooms-and-spaces\\\/meeting-rooms\\\/\",\"name\":\"Salles de r\u00e9union polyvalentes | Palais des congr\u00e8s du Toronto m\u00e9tropolitain | Espaces inspirants\",\"isPartOf\":{\"@id\":\"https:\\\/\\\/www.mtccc.com\\\/fr\\\/#website\"},\"datePublished\":\"2016-08-19T17:57:01+00:00\",\"dateModified\":\"2023-08-10T21:56:56+00:00\",\"description\":\"D\u00e9couvrez des espaces polyvalents pour r\u00e9unions, conf\u00e9rences ou activit\u00e9s sociales au PCTM. Mat\u00e9riel moderne, am\u00e9nagements flexibles et technologies de pointe.\",\"breadcrumb\":{\"@id\":\"https:\\\/\\\/www.mtccc.com\\\/fr\\\/facility\\\/rooms-and-spaces\\\/meeting-rooms\\\/#breadcrumb\"},\"inLanguage\":\"fr-CA\",\"potentialAction\":[{\"@type\":\"ReadAction\",\"target\":[\"https:\\\/\\\/www.mtccc.com\\\/fr\\\/facility\\\/rooms-and-spaces\\\/meeting-rooms\\\/\"]}]},{\"@type\":\"BreadcrumbList\",\"@id\":\"https:\\\/\\\/www.mtccc.com\\\/fr\\\/facility\\\/rooms-and-spaces\\\/meeting-rooms\\\/#breadcrumb\",\"itemListElement\":[{\"@type\":\"ListItem\",\"position\":1,\"name\":\"\u00c9tablissement\",\"item\":\"https:\\\/\\\/www.mtccc.com\\\/fr\\\/facility\\\/\"},{\"@type\":\"ListItem\",\"position\":2,\"name\":\"Salles et espaces\",\"item\":\"https:\\\/\\\/www.mtccc.com\\\/fr\\\/facility\\\/rooms-and-spaces\\\/\"},{\"@type\":\"ListItem\",\"position\":3,\"name\":\"Salles de r\u00e9union\"}]},{\"@type\":\"WebSite\",\"@id\":\"https:\\\/\\\/www.mtccc.com\\\/fr\\\/#website\",\"url\":\"https:\\\/\\\/www.mtccc.com\\\/fr\\\/\",\"name\":\"Metro Toronto Convention Centre\",\"description\":\"\",\"potentialAction\":[{\"@type\":\"SearchAction\",\"target\":{\"@type\":\"EntryPoint\",\"urlTemplate\":\"https:\\\/\\\/www.mtccc.com\\\/fr\\\/?s={search_term_string}\"},\"query-input\":{\"@type\":\"PropertyValueSpecification\",\"valueRequired\":true,\"valueName\":\"search_term_string\"}}],\"inLanguage\":\"fr-CA\"}]}<\/script>\n<!-- \/ Yoast SEO plugin. -->","yoast_head_json":{"title":"Salles de r\u00e9union polyvalentes | Palais des congr\u00e8s du Toronto m\u00e9tropolitain | Espaces inspirants","description":"D\u00e9couvrez des espaces polyvalents pour r\u00e9unions, conf\u00e9rences ou activit\u00e9s sociales au PCTM. Mat\u00e9riel moderne, am\u00e9nagements flexibles et technologies de pointe.","robots":{"index":"index","follow":"follow","max-snippet":"max-snippet:-1","max-image-preview":"max-image-preview:large","max-video-preview":"max-video-preview:-1"},"canonical":"https:\/\/www.mtccc.com\/fr\/facility\/rooms-and-spaces\/meeting-rooms\/","og_locale":"fr_CA","og_type":"article","og_title":"Salles de r\u00e9union polyvalentes | Palais des congr\u00e8s du Toronto m\u00e9tropolitain | Espaces inspirants","og_description":"D\u00e9couvrez des espaces polyvalents pour r\u00e9unions, conf\u00e9rences ou activit\u00e9s sociales au PCTM. Mat\u00e9riel moderne, am\u00e9nagements flexibles et technologies de pointe.","og_url":"https:\/\/www.mtccc.com\/fr\/facility\/rooms-and-spaces\/meeting-rooms\/","og_site_name":"Metro Toronto Convention Centre","article_modified_time":"2023-08-10T21:56:56+00:00","og_image":[{"width":1920,"height":1080,"url":"https:\/\/www.mtccc.com\/fr\/wp-content\/uploads\/sites\/4\/2022\/03\/I_PLAN_BLOCK_MTCC.jpg","type":"image\/jpeg"}],"twitter_card":"summary_large_image","twitter_title":"Salles de r\u00e9union polyvalentes | Palais des congr\u00e8s du Toronto m\u00e9tropolitain | Espaces inspirants","twitter_description":"D\u00e9couvrez des espaces polyvalents pour r\u00e9unions, conf\u00e9rences ou activit\u00e9s sociales au PCTM. Mat\u00e9riel moderne, am\u00e9nagements flexibles et technologies de pointe.","twitter_image":"https:\/\/www.mtccc.com\/fr\/wp-content\/uploads\/sites\/4\/2022\/03\/I_PLAN_BLOCK_MTCC.jpg","twitter_misc":{"Estimation du temps de lecture":"2 minutes"},"schema":{"@context":"https:\/\/schema.org","@graph":[{"@type":"WebPage","@id":"https:\/\/www.mtccc.com\/fr\/facility\/rooms-and-spaces\/meeting-rooms\/","url":"https:\/\/www.mtccc.com\/fr\/facility\/rooms-and-spaces\/meeting-rooms\/","name":"Salles de r\u00e9union polyvalentes | Palais des congr\u00e8s du Toronto m\u00e9tropolitain | Espaces inspirants","isPartOf":{"@id":"https:\/\/www.mtccc.com\/fr\/#website"},"datePublished":"2016-08-19T17:57:01+00:00","dateModified":"2023-08-10T21:56:56+00:00","description":"D\u00e9couvrez des espaces polyvalents pour r\u00e9unions, conf\u00e9rences ou activit\u00e9s sociales au PCTM. Mat\u00e9riel moderne, am\u00e9nagements flexibles et technologies de pointe.","breadcrumb":{"@id":"https:\/\/www.mtccc.com\/fr\/facility\/rooms-and-spaces\/meeting-rooms\/#breadcrumb"},"inLanguage":"fr-CA","potentialAction":[{"@type":"ReadAction","target":["https:\/\/www.mtccc.com\/fr\/facility\/rooms-and-spaces\/meeting-rooms\/"]}]},{"@type":"BreadcrumbList","@id":"https:\/\/www.mtccc.com\/fr\/facility\/rooms-and-spaces\/meeting-rooms\/#breadcrumb","itemListElement":[{"@type":"ListItem","position":1,"name":"\u00c9tablissement","item":"https:\/\/www.mtccc.com\/fr\/facility\/"},{"@type":"ListItem","position":2,"name":"Salles et espaces","item":"https:\/\/www.mtccc.com\/fr\/facility\/rooms-and-spaces\/"},{"@type":"ListItem","position":3,"name":"Salles de r\u00e9union"}]},{"@type":"WebSite","@id":"https:\/\/www.mtccc.com\/fr\/#website","url":"https:\/\/www.mtccc.com\/fr\/","name":"Metro Toronto Convention Centre","description":"","potentialAction":[{"@type":"SearchAction","target":{"@type":"EntryPoint","urlTemplate":"https:\/\/www.mtccc.com\/fr\/?s={search_term_string}"},"query-input":{"@type":"PropertyValueSpecification","valueRequired":true,"valueName":"search_term_string"}}],"inLanguage":"fr-CA"}]}},"_links":{"self":[{"href":"https:\/\/www.mtccc.com\/fr\/wp-json\/wp\/v2\/pages\/441","targetHints":{"allow":["GET"]}}],"collection":[{"href":"https:\/\/www.mtccc.com\/fr\/wp-json\/wp\/v2\/pages"}],"about":[{"href":"https:\/\/www.mtccc.com\/fr\/wp-json\/wp\/v2\/types\/page"}],"author":[{"embeddable":true,"href":"https:\/\/www.mtccc.com\/fr\/wp-json\/wp\/v2\/users\/1"}],"replies":[{"embeddable":true,"href":"https:\/\/www.mtccc.com\/fr\/wp-json\/wp\/v2\/comments?post=441"}],"version-history":[{"count":18,"href":"https:\/\/www.mtccc.com\/fr\/wp-json\/wp\/v2\/pages\/441\/revisions"}],"predecessor-version":[{"id":332990,"href":"https:\/\/www.mtccc.com\/fr\/wp-json\/wp\/v2\/pages\/441\/revisions\/332990"}],"up":[{"embeddable":true,"href":"https:\/\/www.mtccc.com\/fr\/wp-json\/wp\/v2\/pages\/211"}],"wp:attachment":[{"href":"https:\/\/www.mtccc.com\/fr\/wp-json\/wp\/v2\/media?parent=441"}],"curies":[{"name":"wp","href":"https:\/\/api.w.org\/{rel}","templated":true}]}}