{"id":440,"date":"2016-08-19T13:54:29","date_gmt":"2016-08-19T17:54:29","guid":{"rendered":"http:\/\/www.mtccc.com\/fr\/?page_id=440"},"modified":"2025-07-11T16:51:38","modified_gmt":"2025-07-11T20:51:38","slug":"theatre","status":"publish","type":"page","link":"https:\/\/www.mtccc.com\/fr\/facility\/rooms-and-spaces\/theatre\/","title":{"rendered":"Th\u00e9\u00e2tre John W.H. Bassett"},"content":{"rendered":"<div class=\"wpb-content-wrapper\"><p>[vc_row][vc_column][vc_column_text]<\/p>\n<div style=\"line-height: 24px\">Situ\u00e9 au centre des congr\u00e8s du Toronto m\u00e9tropolitain, le th\u00e9\u00e2tre John Bassett est le lieu id\u00e9al pour une vari\u00e9t\u00e9 d&rsquo;\u00e9v\u00e9nements, y compris des r\u00e9unions d&rsquo;entreprises, des productions artistiques et des c\u00e9l\u00e9brations culturelles. Depuis plus de 30 ans, ce th\u00e9\u00e2tre multi-usager a offert un lieu chaleureux pour des centaines de milliers d&rsquo;invit\u00e9s. Situ\u00e9 \u00e0 l\u2019endroit id\u00e9al dans le centre-ville de Toronto, le th\u00e9\u00e2tre est facilement accessible par transports en communs, par les autoroutes principales et se situe \u00e0 distance de marche de plusieurs h\u00f4tels, restaurants et attractions.<\/div>\n<p>&nbsp;<\/p>\n<div style=\"line-height: 24px\">Lors de la r\u00e9servation, un gestionnaire d&rsquo;\u00e9v\u00e9nements d\u00e9di\u00e9 aidera \u00e0 coordonner les d\u00e9tails de votre \u00e9v\u00e9nement \u00e0 chaque \u00e9tape. Trouvez tout ce dont vous avez besoin pour planifier votre prochain \u00e9v\u00e9nement au th\u00e9\u00e2tre John Basset ci-dessous.<\/div>\n<p>[\/vc_column_text][\/vc_column][\/vc_row][vc_row][vc_column][vc_raw_html css=\u00a0\u00bb\u00a0\u00bb]JTNDZGl2JTIwY2xhc3MlM0QlMjJidXR0b24lMjBjb250YWluZXIlMjBtYWluTmF2JTIwZGVza3RvcC1tYXJnaW4tcmlnaHQtc2hpZnQlMjIlM0UlMEElM0NkaXYlM0UlMEElM0NhJTIwaHJlZiUzRCUyMmh0dHBzJTNBJTJGJTJGd3d3Lm10Y2NjLmNvbSUyRmZyJTJGd3AtY29udGVudCUyRnVwbG9hZHMlMkZzaXRlcyUyRjQlMkYyMDI1JTJGMDclMkZKQlRfQnJvY2h1cmVfMjAyNV8wN19GUkVfcmUtYW9kYS5wZGYlMjIlMjBjbGFzcyUzRCUyMmFjZi1idG4lMjBhY2YtYnRuLW91dGxpbmUlMjBhY2YtaGVhZGVyLWJ0biUyMiUyMHN0eWxlJTNEJTIybGV0dGVyLXNwYWNpbmclM0ElMjAxLjZweCUzQiUyMHBhZGRpbmctbGVmdCUzQSUyMDUwcHglMjAlMjFpbXBvcnRhbnQlM0IlMjBwYWRkaW5nLXJpZ2h0JTNBJTIwNTBweCUyMCUyMWltcG9ydGFudCUzQiUyMiUyMHRhcmdldCUzRCUyMl9ibGFuayUyMiUzRSUwQVQlQzMlQTlsJUMzJUE5Y2hhcmdlciUyMEJyb2NodXJlJTBBJTNDJTJGYSUzRSUwQSUwQSUzQ2ElMjBocmVmJTNEJTIyaHR0cHMlM0ElMkYlMkZ3d3cubXRjY2MuY29tJTJGZnIlMkZ3cC1jb250ZW50JTJGdXBsb2FkcyUyRnNpdGVzJTJGNCUyRjIwMjIlMkYwNyUyRkpCVF9Ccm9jaHVyZV9GbG9vcnBsYW5zXzIwMjJfRlJfd2ViLnBkZiUyMiUyMGNsYXNzJTNEJTIyYWNmLWJ0biUyMGFjZi1idG4tb3V0bGluZSUyMGFjZi1oZWFkZXItYnRuJTIyJTIwc3R5bGUlM0QlMjJsZXR0ZXItc3BhY2luZyUzQSUyMDEuNnB4JTNCJTIwcGFkZGluZy1sZWZ0JTNBJTIwNTBweCUyMCUyMWltcG9ydGFudCUzQiUyMHBhZGRpbmctcmlnaHQlM0ElMjA1MHB4JTIwJTIxaW1wb3J0YW50JTNCJTIyJTIwdGFyZ2V0JTNEJTIyX2JsYW5rJTIyJTNFJTBBVCVDMyVBOWwlQzMlQTljaGFyZ2VyJTIwUGxhbiUyMGQlRTIlODAlOTklQzMlQTl0YWdlJTBBJTNDJTJGYSUzRSUwQSUzQyUyRmRpdiUzRSUwQSUzQyUyRmRpdiUzRQ==[\/vc_raw_html][\/vc_column][\/vc_row]<\/p>\n<\/div>","protected":false},"excerpt":{"rendered":"<p>[vc_row][vc_column][vc_column_text] Situ\u00e9 au centre des congr\u00e8s du Toronto m\u00e9tropolitain, le th\u00e9\u00e2tre John Bassett est le lieu id\u00e9al pour une vari\u00e9t\u00e9 d&rsquo;\u00e9v\u00e9nements, y compris des r\u00e9unions d&rsquo;entreprises, des productions artistiques et des c\u00e9l\u00e9brations culturelles. Depuis plus de 30 ans, ce th\u00e9\u00e2tre multi-usager a offert un lieu chaleureux pour des centaines de milliers d&rsquo;invit\u00e9s. Situ\u00e9 \u00e0 l\u2019endroit [&hellip;]<\/p>\n","protected":false},"author":1,"featured_media":0,"parent":211,"menu_order":20,"comment_status":"closed","ping_status":"closed","template":"template-child-page.php","meta":{"_acf_changed":false,"footnotes":""},"class_list":["post-440","page","type-page","status-publish","hentry"],"acf":[],"yoast_head":"<!-- This site is optimized with the Yoast SEO plugin v27.1.1 - https:\/\/yoast.com\/product\/yoast-seo-wordpress\/ -->\n<title>Th\u00e9\u00e2tre John W. H. Bassett | PCTM | Spectacles captivants<\/title>\n<meta name=\"description\" content=\"Notre salle de spectacle est id\u00e9ale pour cr\u00e9er des \u00e9v\u00e9nements inoubliables. Jetez-y un coup d\u2019\u0153il et r\u00e9servez votre prochaine exp\u00e9rience extraordinaire au PCTM!\" \/>\n<meta name=\"robots\" content=\"index, follow, max-snippet:-1, max-image-preview:large, max-video-preview:-1\" \/>\n<link rel=\"canonical\" href=\"https:\/\/www.mtccc.com\/fr\/facility\/rooms-and-spaces\/theatre\/\" \/>\n<meta property=\"og:locale\" content=\"fr_CA\" \/>\n<meta property=\"og:type\" content=\"article\" \/>\n<meta property=\"og:title\" content=\"Th\u00e9\u00e2tre John W. H. Bassett | PCTM | Spectacles captivants\" \/>\n<meta property=\"og:description\" content=\"Notre salle de spectacle est id\u00e9ale pour cr\u00e9er des \u00e9v\u00e9nements inoubliables. Jetez-y un coup d\u2019\u0153il et r\u00e9servez votre prochaine exp\u00e9rience extraordinaire au PCTM!\" \/>\n<meta property=\"og:url\" content=\"https:\/\/www.mtccc.com\/fr\/facility\/rooms-and-spaces\/theatre\/\" \/>\n<meta property=\"og:site_name\" content=\"Metro Toronto Convention Centre\" \/>\n<meta property=\"article:modified_time\" content=\"2025-07-11T20:51:38+00:00\" \/>\n<meta property=\"og:image\" content=\"https:\/\/www.mtccc.com\/fr\/wp-content\/uploads\/sites\/4\/2022\/03\/I_PLAN_BLOCK_MTCC.jpg\" \/>\n\t<meta property=\"og:image:width\" content=\"1920\" \/>\n\t<meta property=\"og:image:height\" content=\"1080\" \/>\n\t<meta property=\"og:image:type\" content=\"image\/jpeg\" \/>\n<meta name=\"twitter:card\" content=\"summary_large_image\" \/>\n<meta name=\"twitter:title\" content=\"Th\u00e9\u00e2tre John W. H. Bassett | PCTM | Spectacles captivants\" \/>\n<meta name=\"twitter:description\" content=\"Notre salle de spectacle est id\u00e9ale pour cr\u00e9er des \u00e9v\u00e9nements inoubliables. Jetez-y un coup d\u2019\u0153il et r\u00e9servez votre prochaine exp\u00e9rience extraordinaire au PCTM!\" \/>\n<meta name=\"twitter:image\" content=\"https:\/\/www.mtccc.com\/fr\/wp-content\/uploads\/sites\/4\/2022\/03\/I_PLAN_BLOCK_MTCC.jpg\" \/>\n<meta name=\"twitter:label1\" content=\"Estimation du temps de lecture\" \/>\n\t<meta name=\"twitter:data1\" content=\"1 minute\" \/>\n<script type=\"application\/ld+json\" class=\"yoast-schema-graph\">{\"@context\":\"https:\/\/schema.org\",\"@graph\":[{\"@type\":\"WebPage\",\"@id\":\"https:\/\/www.mtccc.com\/fr\/facility\/rooms-and-spaces\/theatre\/\",\"url\":\"https:\/\/www.mtccc.com\/fr\/facility\/rooms-and-spaces\/theatre\/\",\"name\":\"Th\u00e9\u00e2tre John W. H. Bassett | PCTM | Spectacles captivants\",\"isPartOf\":{\"@id\":\"https:\/\/www.mtccc.com\/fr\/#website\"},\"datePublished\":\"2016-08-19T17:54:29+00:00\",\"dateModified\":\"2025-07-11T20:51:38+00:00\",\"description\":\"Notre salle de spectacle est id\u00e9ale pour cr\u00e9er des \u00e9v\u00e9nements inoubliables. Jetez-y un coup d\u2019\u0153il et r\u00e9servez votre prochaine exp\u00e9rience extraordinaire au PCTM!\",\"breadcrumb\":{\"@id\":\"https:\/\/www.mtccc.com\/fr\/facility\/rooms-and-spaces\/theatre\/#breadcrumb\"},\"inLanguage\":\"fr-CA\",\"potentialAction\":[{\"@type\":\"ReadAction\",\"target\":[\"https:\/\/www.mtccc.com\/fr\/facility\/rooms-and-spaces\/theatre\/\"]}]},{\"@type\":\"BreadcrumbList\",\"@id\":\"https:\/\/www.mtccc.com\/fr\/facility\/rooms-and-spaces\/theatre\/#breadcrumb\",\"itemListElement\":[{\"@type\":\"ListItem\",\"position\":1,\"name\":\"\u00c9tablissement\",\"item\":\"https:\/\/www.mtccc.com\/fr\/facility\/\"},{\"@type\":\"ListItem\",\"position\":2,\"name\":\"Salles et espaces\",\"item\":\"https:\/\/www.mtccc.com\/fr\/facility\/rooms-and-spaces\/\"},{\"@type\":\"ListItem\",\"position\":3,\"name\":\"Th\u00e9\u00e2tre John W.H. Bassett\"}]},{\"@type\":\"WebSite\",\"@id\":\"https:\/\/www.mtccc.com\/fr\/#website\",\"url\":\"https:\/\/www.mtccc.com\/fr\/\",\"name\":\"Metro Toronto Convention Centre\",\"description\":\"\",\"potentialAction\":[{\"@type\":\"SearchAction\",\"target\":{\"@type\":\"EntryPoint\",\"urlTemplate\":\"https:\/\/www.mtccc.com\/fr\/?s={search_term_string}\"},\"query-input\":{\"@type\":\"PropertyValueSpecification\",\"valueRequired\":true,\"valueName\":\"search_term_string\"}}],\"inLanguage\":\"fr-CA\"}]}<\/script>\n<!-- \/ Yoast SEO plugin. -->","yoast_head_json":{"title":"Th\u00e9\u00e2tre John W. H. Bassett | PCTM | Spectacles captivants","description":"Notre salle de spectacle est id\u00e9ale pour cr\u00e9er des \u00e9v\u00e9nements inoubliables. Jetez-y un coup d\u2019\u0153il et r\u00e9servez votre prochaine exp\u00e9rience extraordinaire au PCTM!","robots":{"index":"index","follow":"follow","max-snippet":"max-snippet:-1","max-image-preview":"max-image-preview:large","max-video-preview":"max-video-preview:-1"},"canonical":"https:\/\/www.mtccc.com\/fr\/facility\/rooms-and-spaces\/theatre\/","og_locale":"fr_CA","og_type":"article","og_title":"Th\u00e9\u00e2tre John W. H. Bassett | PCTM | Spectacles captivants","og_description":"Notre salle de spectacle est id\u00e9ale pour cr\u00e9er des \u00e9v\u00e9nements inoubliables. Jetez-y un coup d\u2019\u0153il et r\u00e9servez votre prochaine exp\u00e9rience extraordinaire au PCTM!","og_url":"https:\/\/www.mtccc.com\/fr\/facility\/rooms-and-spaces\/theatre\/","og_site_name":"Metro Toronto Convention Centre","article_modified_time":"2025-07-11T20:51:38+00:00","og_image":[{"width":1920,"height":1080,"url":"https:\/\/www.mtccc.com\/fr\/wp-content\/uploads\/sites\/4\/2022\/03\/I_PLAN_BLOCK_MTCC.jpg","type":"image\/jpeg"}],"twitter_card":"summary_large_image","twitter_title":"Th\u00e9\u00e2tre John W. H. Bassett | PCTM | Spectacles captivants","twitter_description":"Notre salle de spectacle est id\u00e9ale pour cr\u00e9er des \u00e9v\u00e9nements inoubliables. Jetez-y un coup d\u2019\u0153il et r\u00e9servez votre prochaine exp\u00e9rience extraordinaire au PCTM!","twitter_image":"https:\/\/www.mtccc.com\/fr\/wp-content\/uploads\/sites\/4\/2022\/03\/I_PLAN_BLOCK_MTCC.jpg","twitter_misc":{"Estimation du temps de lecture":"1 minute"},"schema":{"@context":"https:\/\/schema.org","@graph":[{"@type":"WebPage","@id":"https:\/\/www.mtccc.com\/fr\/facility\/rooms-and-spaces\/theatre\/","url":"https:\/\/www.mtccc.com\/fr\/facility\/rooms-and-spaces\/theatre\/","name":"Th\u00e9\u00e2tre John W. H. Bassett | PCTM | Spectacles captivants","isPartOf":{"@id":"https:\/\/www.mtccc.com\/fr\/#website"},"datePublished":"2016-08-19T17:54:29+00:00","dateModified":"2025-07-11T20:51:38+00:00","description":"Notre salle de spectacle est id\u00e9ale pour cr\u00e9er des \u00e9v\u00e9nements inoubliables. Jetez-y un coup d\u2019\u0153il et r\u00e9servez votre prochaine exp\u00e9rience extraordinaire au PCTM!","breadcrumb":{"@id":"https:\/\/www.mtccc.com\/fr\/facility\/rooms-and-spaces\/theatre\/#breadcrumb"},"inLanguage":"fr-CA","potentialAction":[{"@type":"ReadAction","target":["https:\/\/www.mtccc.com\/fr\/facility\/rooms-and-spaces\/theatre\/"]}]},{"@type":"BreadcrumbList","@id":"https:\/\/www.mtccc.com\/fr\/facility\/rooms-and-spaces\/theatre\/#breadcrumb","itemListElement":[{"@type":"ListItem","position":1,"name":"\u00c9tablissement","item":"https:\/\/www.mtccc.com\/fr\/facility\/"},{"@type":"ListItem","position":2,"name":"Salles et espaces","item":"https:\/\/www.mtccc.com\/fr\/facility\/rooms-and-spaces\/"},{"@type":"ListItem","position":3,"name":"Th\u00e9\u00e2tre John W.H. Bassett"}]},{"@type":"WebSite","@id":"https:\/\/www.mtccc.com\/fr\/#website","url":"https:\/\/www.mtccc.com\/fr\/","name":"Metro Toronto Convention Centre","description":"","potentialAction":[{"@type":"SearchAction","target":{"@type":"EntryPoint","urlTemplate":"https:\/\/www.mtccc.com\/fr\/?s={search_term_string}"},"query-input":{"@type":"PropertyValueSpecification","valueRequired":true,"valueName":"search_term_string"}}],"inLanguage":"fr-CA"}]}},"_links":{"self":[{"href":"https:\/\/www.mtccc.com\/fr\/wp-json\/wp\/v2\/pages\/440","targetHints":{"allow":["GET"]}}],"collection":[{"href":"https:\/\/www.mtccc.com\/fr\/wp-json\/wp\/v2\/pages"}],"about":[{"href":"https:\/\/www.mtccc.com\/fr\/wp-json\/wp\/v2\/types\/page"}],"author":[{"embeddable":true,"href":"https:\/\/www.mtccc.com\/fr\/wp-json\/wp\/v2\/users\/1"}],"replies":[{"embeddable":true,"href":"https:\/\/www.mtccc.com\/fr\/wp-json\/wp\/v2\/comments?post=440"}],"version-history":[{"count":39,"href":"https:\/\/www.mtccc.com\/fr\/wp-json\/wp\/v2\/pages\/440\/revisions"}],"predecessor-version":[{"id":333588,"href":"https:\/\/www.mtccc.com\/fr\/wp-json\/wp\/v2\/pages\/440\/revisions\/333588"}],"up":[{"embeddable":true,"href":"https:\/\/www.mtccc.com\/fr\/wp-json\/wp\/v2\/pages\/211"}],"wp:attachment":[{"href":"https:\/\/www.mtccc.com\/fr\/wp-json\/wp\/v2\/media?parent=440"}],"curies":[{"name":"wp","href":"https:\/\/api.w.org\/{rel}","templated":true}]}}