{"id":330067,"date":"2017-10-20T15:54:56","date_gmt":"2017-10-20T19:54:56","guid":{"rendered":"http:\/\/www.mtccc.com\/fr\/?page_id=330067"},"modified":"2025-07-11T16:53:03","modified_gmt":"2025-07-11T20:53:03","slug":"directives-techniques","status":"publish","type":"page","link":"https:\/\/www.mtccc.com\/fr\/facility\/rooms-and-spaces\/theatre\/directives-techniques\/","title":{"rendered":"Directives techniques"},"content":{"rendered":"<div class=\"wpb-content-wrapper\"><p>[vc_row][vc_column][vc_column_text]Le th\u00e9\u00e2tre John Bassett est un lieu parfait pour les spectacles ou pr\u00e9sentations de n&rsquo;importe quel niveau de production. Votre gestionnaire d&rsquo;\u00e9v\u00e9nements exp\u00e9riment\u00e9 vous guidera dans le processus de planification et r\u00e9pondra \u00e0 tous vos questions \u00e0 propos de nos directives techniques et nos offres.[\/vc_column_text][\/vc_column][\/vc_row][vc_row][vc_column][vc_column_text]Les caract\u00e9ristiques du th\u00e9\u00e2tre:<\/p>\n<ul class=\"ttl-ul-padding-left-shift\" style=\"line-height: 24px\">\n<li>Syst\u00e8me d\u2019\u00e9clairage et syst\u00e8me de son ultramoderne<\/li>\n<li>Sept vestiaires, une salle verte et une salle de r\u00e9p\u00e9tition<\/li>\n<li>Sc\u00e8ne avec une profondeur optimale pour la r\u00e9troprojection<\/li>\n<li>Ascenseur monte-charge avec acc\u00e8s direct \u00e0 l\u2019arri\u00e8re-sc\u00e8ne pour faciliter le chargement<\/li>\n<li>Fosse d&rsquo;orchestre compl\u00e8te<\/li>\n<li>Espace central<\/li>\n<li>Wifi pr\u00eat<\/li>\n<\/ul>\n<p>[\/vc_column_text][vc_raw_html css=\u00a0\u00bb\u00a0\u00bb]JTNDYSUyMGhyZWYlM0QlMjJodHRwcyUzQSUyRiUyRnd3dy5tdGNjYy5jb20lMkZmciUyRndwLWNvbnRlbnQlMkZ1cGxvYWRzJTJGc2l0ZXMlMkY0JTJGMjAyNSUyRjA3JTJGSkJUX1RlY2hHdWlkZWxpbmVzXzA3X0ZSRV9yZS1hb2RhLnBkZiUyMiUyMGNsYXNzJTNEJTIyYWNmLWJ0biUyMGFjZi1idG4tb3V0bGluZSUyMGFjZi1oZWFkZXItYnRuJTIwZGVza3RvcC1tYXJnaW4tcmlnaHQtc2hpZnQlMjIlMjB0YXJnZXQlM0QlMjJfYmxhbmslMjIlM0UlMEFWb2lyJTIwbGVzJTIwZGlyZWN0aXZlcyUyMHRlY2huaXF1ZXMlMjBjb21wbCVDMyVBOHRlcyUwQSUzQyUyRmElM0UlMEElMEElM0NhJTIwaHJlZiUzRCUyMmh0dHAlM0ElMkYlMkZ3d3cubXRjY2MuY29tJTJGZnIlMkZwbGFubmVycyUyRnBsYW5uZXJzLWZvcm1zLWd1aWRlbGluZXMlMkYlMjIlMjBjbGFzcyUzRCUyMmFjZi1idG4lMjBhY2YtYnRuLW91dGxpbmUlMjIlMjB0YXJnZXQlM0QlMjIlMjIlM0UlMEFWb2lyJTIwbGVzJTIwZGlyZWN0aXZlcyUyMGQlRTIlODAlOTlleHBsb2l0YXRpb24lMEElM0MlMkZhJTNF[\/vc_raw_html][\/vc_column][\/vc_row]<\/p>\n<\/div>","protected":false},"excerpt":{"rendered":"<p>[vc_row][vc_column][vc_column_text]Le th\u00e9\u00e2tre John Bassett est un lieu parfait pour les spectacles ou pr\u00e9sentations de n&rsquo;importe quel niveau de production. Votre gestionnaire d&rsquo;\u00e9v\u00e9nements exp\u00e9riment\u00e9 vous guidera dans le processus de planification et r\u00e9pondra \u00e0 tous vos questions \u00e0 propos de nos directives techniques et nos offres.[\/vc_column_text][\/vc_column][\/vc_row][vc_row][vc_column][vc_column_text]Les caract\u00e9ristiques du th\u00e9\u00e2tre: Syst\u00e8me d\u2019\u00e9clairage et syst\u00e8me de son ultramoderne [&hellip;]<\/p>\n","protected":false},"author":2,"featured_media":0,"parent":440,"menu_order":0,"comment_status":"closed","ping_status":"closed","template":"template-child-page.php","meta":{"_acf_changed":false,"footnotes":""},"class_list":["post-330067","page","type-page","status-publish","hentry"],"acf":[],"yoast_head":"<!-- This site is optimized with the Yoast SEO plugin v27.3 - https:\/\/yoast.com\/product\/yoast-seo-wordpress\/ -->\n<title>Directives techniques - Metro Toronto Convention Centre<\/title>\n<meta name=\"robots\" content=\"index, follow, max-snippet:-1, max-image-preview:large, max-video-preview:-1\" \/>\n<link rel=\"canonical\" href=\"https:\/\/www.mtccc.com\/fr\/facility\/rooms-and-spaces\/theatre\/directives-techniques\/\" \/>\n<meta property=\"og:locale\" content=\"fr_CA\" \/>\n<meta property=\"og:type\" content=\"article\" \/>\n<meta property=\"og:title\" content=\"Directives techniques - Metro Toronto Convention Centre\" \/>\n<meta property=\"og:description\" content=\"[vc_row][vc_column][vc_column_text]Le th\u00e9\u00e2tre John Bassett est un lieu parfait pour les spectacles ou pr\u00e9sentations de n&rsquo;importe quel niveau de production. Votre gestionnaire d&rsquo;\u00e9v\u00e9nements exp\u00e9riment\u00e9 vous guidera dans le processus de planification et r\u00e9pondra \u00e0 tous vos questions \u00e0 propos de nos directives techniques et nos offres.[\/vc_column_text][\/vc_column][\/vc_row][vc_row][vc_column][vc_column_text]Les caract\u00e9ristiques du th\u00e9\u00e2tre: Syst\u00e8me d\u2019\u00e9clairage et syst\u00e8me de son ultramoderne [&hellip;]\" \/>\n<meta property=\"og:url\" content=\"https:\/\/www.mtccc.com\/fr\/facility\/rooms-and-spaces\/theatre\/directives-techniques\/\" \/>\n<meta property=\"og:site_name\" content=\"Metro Toronto Convention Centre\" \/>\n<meta property=\"article:modified_time\" content=\"2025-07-11T20:53:03+00:00\" \/>\n<meta name=\"twitter:card\" content=\"summary_large_image\" \/>\n<meta name=\"twitter:label1\" content=\"Estimation du temps de lecture\" \/>\n\t<meta name=\"twitter:data1\" content=\"1 minute\" \/>\n<script type=\"application\/ld+json\" class=\"yoast-schema-graph\">{\"@context\":\"https:\\\/\\\/schema.org\",\"@graph\":[{\"@type\":\"WebPage\",\"@id\":\"https:\\\/\\\/www.mtccc.com\\\/fr\\\/facility\\\/rooms-and-spaces\\\/theatre\\\/directives-techniques\\\/\",\"url\":\"https:\\\/\\\/www.mtccc.com\\\/fr\\\/facility\\\/rooms-and-spaces\\\/theatre\\\/directives-techniques\\\/\",\"name\":\"Directives techniques - Metro Toronto Convention Centre\",\"isPartOf\":{\"@id\":\"https:\\\/\\\/www.mtccc.com\\\/fr\\\/#website\"},\"datePublished\":\"2017-10-20T19:54:56+00:00\",\"dateModified\":\"2025-07-11T20:53:03+00:00\",\"breadcrumb\":{\"@id\":\"https:\\\/\\\/www.mtccc.com\\\/fr\\\/facility\\\/rooms-and-spaces\\\/theatre\\\/directives-techniques\\\/#breadcrumb\"},\"inLanguage\":\"fr-CA\",\"potentialAction\":[{\"@type\":\"ReadAction\",\"target\":[\"https:\\\/\\\/www.mtccc.com\\\/fr\\\/facility\\\/rooms-and-spaces\\\/theatre\\\/directives-techniques\\\/\"]}]},{\"@type\":\"BreadcrumbList\",\"@id\":\"https:\\\/\\\/www.mtccc.com\\\/fr\\\/facility\\\/rooms-and-spaces\\\/theatre\\\/directives-techniques\\\/#breadcrumb\",\"itemListElement\":[{\"@type\":\"ListItem\",\"position\":1,\"name\":\"\u00c9tablissement\",\"item\":\"https:\\\/\\\/www.mtccc.com\\\/fr\\\/facility\\\/\"},{\"@type\":\"ListItem\",\"position\":2,\"name\":\"Salles et espaces\",\"item\":\"https:\\\/\\\/www.mtccc.com\\\/fr\\\/facility\\\/rooms-and-spaces\\\/\"},{\"@type\":\"ListItem\",\"position\":3,\"name\":\"Th\u00e9\u00e2tre John W.H. Bassett\",\"item\":\"https:\\\/\\\/www.mtccc.com\\\/fr\\\/facility\\\/rooms-and-spaces\\\/theatre\\\/\"},{\"@type\":\"ListItem\",\"position\":4,\"name\":\"Directives techniques\"}]},{\"@type\":\"WebSite\",\"@id\":\"https:\\\/\\\/www.mtccc.com\\\/fr\\\/#website\",\"url\":\"https:\\\/\\\/www.mtccc.com\\\/fr\\\/\",\"name\":\"Metro Toronto Convention Centre\",\"description\":\"\",\"potentialAction\":[{\"@type\":\"SearchAction\",\"target\":{\"@type\":\"EntryPoint\",\"urlTemplate\":\"https:\\\/\\\/www.mtccc.com\\\/fr\\\/?s={search_term_string}\"},\"query-input\":{\"@type\":\"PropertyValueSpecification\",\"valueRequired\":true,\"valueName\":\"search_term_string\"}}],\"inLanguage\":\"fr-CA\"}]}<\/script>\n<!-- \/ Yoast SEO plugin. -->","yoast_head_json":{"title":"Directives techniques - Metro Toronto Convention Centre","robots":{"index":"index","follow":"follow","max-snippet":"max-snippet:-1","max-image-preview":"max-image-preview:large","max-video-preview":"max-video-preview:-1"},"canonical":"https:\/\/www.mtccc.com\/fr\/facility\/rooms-and-spaces\/theatre\/directives-techniques\/","og_locale":"fr_CA","og_type":"article","og_title":"Directives techniques - Metro Toronto Convention Centre","og_description":"[vc_row][vc_column][vc_column_text]Le th\u00e9\u00e2tre John Bassett est un lieu parfait pour les spectacles ou pr\u00e9sentations de n&rsquo;importe quel niveau de production. Votre gestionnaire d&rsquo;\u00e9v\u00e9nements exp\u00e9riment\u00e9 vous guidera dans le processus de planification et r\u00e9pondra \u00e0 tous vos questions \u00e0 propos de nos directives techniques et nos offres.[\/vc_column_text][\/vc_column][\/vc_row][vc_row][vc_column][vc_column_text]Les caract\u00e9ristiques du th\u00e9\u00e2tre: Syst\u00e8me d\u2019\u00e9clairage et syst\u00e8me de son ultramoderne [&hellip;]","og_url":"https:\/\/www.mtccc.com\/fr\/facility\/rooms-and-spaces\/theatre\/directives-techniques\/","og_site_name":"Metro Toronto Convention Centre","article_modified_time":"2025-07-11T20:53:03+00:00","twitter_card":"summary_large_image","twitter_misc":{"Estimation du temps de lecture":"1 minute"},"schema":{"@context":"https:\/\/schema.org","@graph":[{"@type":"WebPage","@id":"https:\/\/www.mtccc.com\/fr\/facility\/rooms-and-spaces\/theatre\/directives-techniques\/","url":"https:\/\/www.mtccc.com\/fr\/facility\/rooms-and-spaces\/theatre\/directives-techniques\/","name":"Directives techniques - Metro Toronto Convention Centre","isPartOf":{"@id":"https:\/\/www.mtccc.com\/fr\/#website"},"datePublished":"2017-10-20T19:54:56+00:00","dateModified":"2025-07-11T20:53:03+00:00","breadcrumb":{"@id":"https:\/\/www.mtccc.com\/fr\/facility\/rooms-and-spaces\/theatre\/directives-techniques\/#breadcrumb"},"inLanguage":"fr-CA","potentialAction":[{"@type":"ReadAction","target":["https:\/\/www.mtccc.com\/fr\/facility\/rooms-and-spaces\/theatre\/directives-techniques\/"]}]},{"@type":"BreadcrumbList","@id":"https:\/\/www.mtccc.com\/fr\/facility\/rooms-and-spaces\/theatre\/directives-techniques\/#breadcrumb","itemListElement":[{"@type":"ListItem","position":1,"name":"\u00c9tablissement","item":"https:\/\/www.mtccc.com\/fr\/facility\/"},{"@type":"ListItem","position":2,"name":"Salles et espaces","item":"https:\/\/www.mtccc.com\/fr\/facility\/rooms-and-spaces\/"},{"@type":"ListItem","position":3,"name":"Th\u00e9\u00e2tre John W.H. Bassett","item":"https:\/\/www.mtccc.com\/fr\/facility\/rooms-and-spaces\/theatre\/"},{"@type":"ListItem","position":4,"name":"Directives techniques"}]},{"@type":"WebSite","@id":"https:\/\/www.mtccc.com\/fr\/#website","url":"https:\/\/www.mtccc.com\/fr\/","name":"Metro Toronto Convention Centre","description":"","potentialAction":[{"@type":"SearchAction","target":{"@type":"EntryPoint","urlTemplate":"https:\/\/www.mtccc.com\/fr\/?s={search_term_string}"},"query-input":{"@type":"PropertyValueSpecification","valueRequired":true,"valueName":"search_term_string"}}],"inLanguage":"fr-CA"}]}},"_links":{"self":[{"href":"https:\/\/www.mtccc.com\/fr\/wp-json\/wp\/v2\/pages\/330067","targetHints":{"allow":["GET"]}}],"collection":[{"href":"https:\/\/www.mtccc.com\/fr\/wp-json\/wp\/v2\/pages"}],"about":[{"href":"https:\/\/www.mtccc.com\/fr\/wp-json\/wp\/v2\/types\/page"}],"author":[{"embeddable":true,"href":"https:\/\/www.mtccc.com\/fr\/wp-json\/wp\/v2\/users\/2"}],"replies":[{"embeddable":true,"href":"https:\/\/www.mtccc.com\/fr\/wp-json\/wp\/v2\/comments?post=330067"}],"version-history":[{"count":25,"href":"https:\/\/www.mtccc.com\/fr\/wp-json\/wp\/v2\/pages\/330067\/revisions"}],"predecessor-version":[{"id":333590,"href":"https:\/\/www.mtccc.com\/fr\/wp-json\/wp\/v2\/pages\/330067\/revisions\/333590"}],"up":[{"embeddable":true,"href":"https:\/\/www.mtccc.com\/fr\/wp-json\/wp\/v2\/pages\/440"}],"wp:attachment":[{"href":"https:\/\/www.mtccc.com\/fr\/wp-json\/wp\/v2\/media?parent=330067"}],"curies":[{"name":"wp","href":"https:\/\/api.w.org\/{rel}","templated":true}]}}